{"id":2010,"date":"2025-01-31T22:02:59","date_gmt":"2025-01-31T22:02:59","guid":{"rendered":"https:\/\/gericlocation.lu\/?page_id=2010"},"modified":"2025-01-31T22:09:08","modified_gmt":"2025-01-31T22:09:08","slug":"mercedes-a-class-limousine","status":"publish","type":"page","link":"https:\/\/gericlocation.lu\/de\/mercedes-a-class-limousine\/","title":{"rendered":"Mercedes A-Class limousine"},"content":{"rendered":"<div data-elementor-type=\"wp-page\" data-elementor-id=\"2010\" class=\"elementor elementor-2010\">\n\t\t\t\t\t\t\t\t\t<section class=\"elementor-section elementor-top-section elementor-element elementor-element-16194d7 elementor-section-boxed elementor-section-height-default elementor-section-height-default\" data-id=\"16194d7\" data-element_type=\"section\">\n\t\t\t\t\t\t<div class=\"elementor-container elementor-column-gap-no\">\n\t\t\t\t\t<div class=\"elementor-column elementor-col-50 elementor-top-column elementor-element elementor-element-2fcfddb0\" data-id=\"2fcfddb0\" data-element_type=\"column\">\n\t\t\t<div class=\"elementor-widget-wrap elementor-element-populated\">\n\t\t\t\t\t\t\t\t<div class=\"elementor-element elementor-element-7385de77 elementor-widget elementor-widget-heading\" data-id=\"7385de77\" data-element_type=\"widget\" data-widget_type=\"heading.default\">\n\t\t\t\t<div class=\"elementor-widget-container\">\n\t\t\t<style>\/*! elementor - v3.6.5 - 27-04-2022 *\/\n.elementor-heading-title{padding:0;margin:0;line-height:1}.elementor-widget-heading .elementor-heading-title[class*=elementor-size-]>a{color:inherit;font-size:inherit;line-height:inherit}.elementor-widget-heading .elementor-heading-title.elementor-size-small{font-size:15px}.elementor-widget-heading .elementor-heading-title.elementor-size-medium{font-size:19px}.elementor-widget-heading .elementor-heading-title.elementor-size-large{font-size:29px}.elementor-widget-heading .elementor-heading-title.elementor-size-xl{font-size:39px}.elementor-widget-heading .elementor-heading-title.elementor-size-xxl{font-size:59px}<\/style><h6 class=\"elementor-heading-title elementor-size-default\">Geric Location<\/h6>\t\t<\/div>\n\t\t\t\t<\/div>\n\t\t\t\t<div class=\"elementor-element elementor-element-1a805e46 elementor-widget elementor-widget-heading\" data-id=\"1a805e46\" data-element_type=\"widget\" data-settings=\"{&quot;_animation&quot;:&quot;none&quot;}\" data-widget_type=\"heading.default\">\n\t\t\t\t<div class=\"elementor-widget-container\">\n\t\t\t<h2 class=\"elementor-heading-title elementor-size-default\">Mercedes A-Class limousine<\/h2>\t\t<\/div>\n\t\t\t\t<\/div>\n\t\t\t\t<section class=\"elementor-section elementor-inner-section elementor-element elementor-element-5f49476d elementor-section-boxed elementor-section-height-default elementor-section-height-default\" data-id=\"5f49476d\" data-element_type=\"section\">\n\t\t\t\t\t\t<div class=\"elementor-container elementor-column-gap-no\">\n\t\t\t\t\t<div class=\"elementor-column elementor-col-33 elementor-inner-column elementor-element elementor-element-53d89d4c\" data-id=\"53d89d4c\" data-element_type=\"column\">\n\t\t\t<div class=\"elementor-widget-wrap elementor-element-populated\">\n\t\t\t\t\t\t\t\t<div class=\"elementor-element elementor-element-feb6a19 elementor-widget elementor-widget-heading\" data-id=\"feb6a19\" data-element_type=\"widget\" data-widget_type=\"heading.default\">\n\t\t\t\t<div class=\"elementor-widget-container\">\n\t\t\t<div class=\"elementor-heading-title elementor-size-default\">Jahr<\/div>\t\t<\/div>\n\t\t\t\t<\/div>\n\t\t\t\t<div class=\"elementor-element elementor-element-12ccba59 elementor-widget elementor-widget-heading\" data-id=\"12ccba59\" data-element_type=\"widget\" data-widget_type=\"heading.default\">\n\t\t\t\t<div class=\"elementor-widget-container\">\n\t\t\t<div class=\"elementor-heading-title elementor-size-default\">2021<\/div>\t\t<\/div>\n\t\t\t\t<\/div>\n\t\t\t\t\t<\/div>\n\t\t<\/div>\n\t\t\t\t<div class=\"elementor-column elementor-col-33 elementor-inner-column elementor-element elementor-element-477ea2df\" data-id=\"477ea2df\" data-element_type=\"column\">\n\t\t\t<div class=\"elementor-widget-wrap elementor-element-populated\">\n\t\t\t\t\t\t\t\t<div class=\"elementor-element elementor-element-4cd2bb0a elementor-widget elementor-widget-heading\" data-id=\"4cd2bb0a\" data-element_type=\"widget\" data-widget_type=\"heading.default\">\n\t\t\t\t<div class=\"elementor-widget-container\">\n\t\t\t<div class=\"elementor-heading-title elementor-size-default\">Getriebetyp<\/div>\t\t<\/div>\n\t\t\t\t<\/div>\n\t\t\t\t<div class=\"elementor-element elementor-element-66da4abb elementor-widget elementor-widget-heading\" data-id=\"66da4abb\" data-element_type=\"widget\" data-widget_type=\"heading.default\">\n\t\t\t\t<div class=\"elementor-widget-container\">\n\t\t\t<div class=\"elementor-heading-title elementor-size-default\">Automatic<\/div>\t\t<\/div>\n\t\t\t\t<\/div>\n\t\t\t\t\t<\/div>\n\t\t<\/div>\n\t\t\t\t<div class=\"elementor-column elementor-col-33 elementor-inner-column elementor-element elementor-element-8e90826\" data-id=\"8e90826\" data-element_type=\"column\">\n\t\t\t<div class=\"elementor-widget-wrap elementor-element-populated\">\n\t\t\t\t\t\t\t\t<div class=\"elementor-element elementor-element-2efec552 elementor-widget elementor-widget-heading\" data-id=\"2efec552\" data-element_type=\"widget\" data-widget_type=\"heading.default\">\n\t\t\t\t<div class=\"elementor-widget-container\">\n\t\t\t<div class=\"elementor-heading-title elementor-size-default\">Treibstoffart<\/div>\t\t<\/div>\n\t\t\t\t<\/div>\n\t\t\t\t<div class=\"elementor-element elementor-element-4d0356e0 elementor-widget elementor-widget-heading\" data-id=\"4d0356e0\" data-element_type=\"widget\" data-widget_type=\"heading.default\">\n\t\t\t\t<div class=\"elementor-widget-container\">\n\t\t\t<div class=\"elementor-heading-title elementor-size-default\">Diesel<\/div>\t\t<\/div>\n\t\t\t\t<\/div>\n\t\t\t\t\t<\/div>\n\t\t<\/div>\n\t\t\t\t\t\t\t<\/div>\n\t\t<\/section>\n\t\t\t\t<section class=\"elementor-section elementor-inner-section elementor-element elementor-element-12763e6 elementor-section-boxed elementor-section-height-default elementor-section-height-default\" data-id=\"12763e6\" data-element_type=\"section\">\n\t\t\t\t\t\t<div class=\"elementor-container elementor-column-gap-no\">\n\t\t\t\t\t<div class=\"elementor-column elementor-col-100 elementor-inner-column elementor-element elementor-element-6a6a1a15\" data-id=\"6a6a1a15\" data-element_type=\"column\">\n\t\t\t<div class=\"elementor-widget-wrap elementor-element-populated\">\n\t\t\t\t\t\t\t\t<div class=\"elementor-element elementor-element-6e0b533e elementor-widget elementor-widget-heading\" data-id=\"6e0b533e\" data-element_type=\"widget\" data-widget_type=\"heading.default\">\n\t\t\t\t<div class=\"elementor-widget-container\">\n\t\t\t<h6 class=\"elementor-heading-title elementor-size-default\">JEDER KUNDE IST VOLLKASKO VERSICHERT<\/h6>\t\t<\/div>\n\t\t\t\t<\/div>\n\t\t\t\t<div class=\"elementor-element elementor-element-210c3f19 elementor-widget elementor-widget-heading\" data-id=\"210c3f19\" data-element_type=\"widget\" data-widget_type=\"heading.default\">\n\t\t\t\t<div class=\"elementor-widget-container\">\n\t\t\t<h6 class=\"elementor-heading-title elementor-size-default\">Wir arbeiten Vermietung f\u00fcr Privatpersonen und Unternehmen\n<\/h6>\t\t<\/div>\n\t\t\t\t<\/div>\n\t\t\t\t\t<\/div>\n\t\t<\/div>\n\t\t\t\t\t\t\t<\/div>\n\t\t<\/section>\n\t\t\t\t<section class=\"elementor-section elementor-inner-section elementor-element elementor-element-4d5bca4a elementor-section-boxed elementor-section-height-default elementor-section-height-default\" data-id=\"4d5bca4a\" data-element_type=\"section\">\n\t\t\t\t\t\t<div class=\"elementor-container elementor-column-gap-no\">\n\t\t\t\t\t<div class=\"elementor-column elementor-col-100 elementor-inner-column elementor-element elementor-element-697ecca0\" data-id=\"697ecca0\" data-element_type=\"column\">\n\t\t\t<div class=\"elementor-widget-wrap elementor-element-populated\">\n\t\t\t\t\t\t\t\t<div class=\"elementor-element elementor-element-ec5f245 elementor-widget__width-auto elementor-widget elementor-widget-heading\" data-id=\"ec5f245\" data-element_type=\"widget\" data-widget_type=\"heading.default\">\n\t\t\t\t<div class=\"elementor-widget-container\">\n\t\t\t<h4 class=\"elementor-heading-title elementor-size-default\">89\u20ac HTVA - 300Km inclus<\/h4>\t\t<\/div>\n\t\t\t\t<\/div>\n\t\t\t\t<div class=\"elementor-element elementor-element-132a0530 elementor-widget__width-auto elementor-widget elementor-widget-heading\" data-id=\"132a0530\" data-element_type=\"widget\" data-widget_type=\"heading.default\">\n\t\t\t\t<div class=\"elementor-widget-container\">\n\t\t\t<div class=\"elementor-heading-title elementor-size-default\">\/ Pro Tag<\/div>\t\t<\/div>\n\t\t\t\t<\/div>\n\t\t\t\t\t<\/div>\n\t\t<\/div>\n\t\t\t\t\t\t\t<\/div>\n\t\t<\/section>\n\t\t\t\t<section class=\"elementor-section elementor-inner-section elementor-element elementor-element-26a12318 elementor-section-boxed elementor-section-height-default elementor-section-height-default\" data-id=\"26a12318\" data-element_type=\"section\">\n\t\t\t\t\t\t<div class=\"elementor-container elementor-column-gap-no\">\n\t\t\t\t\t<div class=\"elementor-column elementor-col-100 elementor-inner-column elementor-element elementor-element-5fcfc21\" data-id=\"5fcfc21\" data-element_type=\"column\">\n\t\t\t<div class=\"elementor-widget-wrap elementor-element-populated\">\n\t\t\t\t\t\t\t\t<div class=\"elementor-element elementor-element-32f9515f elementor-widget__width-auto elementor-widget elementor-widget-heading\" data-id=\"32f9515f\" data-element_type=\"widget\" data-widget_type=\"heading.default\">\n\t\t\t\t<div class=\"elementor-widget-container\">\n\t\t\t<h4 class=\"elementor-heading-title elementor-size-default\">599\u20ac HTVA - 2000Km inclus<\/h4>\t\t<\/div>\n\t\t\t\t<\/div>\n\t\t\t\t<div class=\"elementor-element elementor-element-52920724 elementor-widget__width-auto elementor-widget elementor-widget-heading\" data-id=\"52920724\" data-element_type=\"widget\" data-widget_type=\"heading.default\">\n\t\t\t\t<div class=\"elementor-widget-container\">\n\t\t\t<div class=\"elementor-heading-title elementor-size-default\">\/ Pro Woche<\/div>\t\t<\/div>\n\t\t\t\t<\/div>\n\t\t\t\t\t<\/div>\n\t\t<\/div>\n\t\t\t\t\t\t\t<\/div>\n\t\t<\/section>\n\t\t\t\t<section class=\"elementor-section elementor-inner-section elementor-element elementor-element-2fd91a57 elementor-section-boxed elementor-section-height-default elementor-section-height-default\" data-id=\"2fd91a57\" data-element_type=\"section\">\n\t\t\t\t\t\t<div class=\"elementor-container elementor-column-gap-no\">\n\t\t\t\t\t<div class=\"elementor-column elementor-col-100 elementor-inner-column elementor-element elementor-element-5a5ae8a1\" data-id=\"5a5ae8a1\" data-element_type=\"column\">\n\t\t\t<div class=\"elementor-widget-wrap elementor-element-populated\">\n\t\t\t\t\t\t\t\t<div class=\"elementor-element elementor-element-3406145b elementor-widget__width-auto elementor-widget elementor-widget-heading\" data-id=\"3406145b\" data-element_type=\"widget\" data-widget_type=\"heading.default\">\n\t\t\t\t<div class=\"elementor-widget-container\">\n\t\t\t<h4 class=\"elementor-heading-title elementor-size-default\">1999\u20ac  HTVA - 5000Km inclus<\/h4>\t\t<\/div>\n\t\t\t\t<\/div>\n\t\t\t\t<div class=\"elementor-element elementor-element-1a352d77 elementor-widget__width-auto elementor-widget elementor-widget-heading\" data-id=\"1a352d77\" data-element_type=\"widget\" data-widget_type=\"heading.default\">\n\t\t\t\t<div class=\"elementor-widget-container\">\n\t\t\t<div class=\"elementor-heading-title elementor-size-default\">\/ Pro Monat<\/div>\t\t<\/div>\n\t\t\t\t<\/div>\n\t\t\t\t\t<\/div>\n\t\t<\/div>\n\t\t\t\t\t\t\t<\/div>\n\t\t<\/section>\n\t\t\t\t<div class=\"elementor-element elementor-element-1f477cb9 elementor-widget elementor-widget-image\" data-id=\"1f477cb9\" data-element_type=\"widget\" data-settings=\"{&quot;_animation&quot;:&quot;none&quot;}\" data-widget_type=\"image.default\">\n\t\t\t\t<div class=\"elementor-widget-container\">\n\t\t\t<style>\/*! elementor - v3.6.5 - 27-04-2022 *\/\n.elementor-widget-image{text-align:center}.elementor-widget-image a{display:inline-block}.elementor-widget-image a img[src$=\".svg\"]{width:48px}.elementor-widget-image img{vertical-align:middle;display:inline-block}<\/style>\t\t\t\t\t\t\t\t\t\t\t\t<img loading=\"lazy\" decoding=\"async\" width=\"800\" height=\"382\" src=\"https:\/\/gericlocation.lu\/wp-content\/uploads\/2025\/01\/2021_24-1024x489.png\" class=\"attachment-large size-large\" alt=\"\" srcset=\"https:\/\/gericlocation.lu\/wp-content\/uploads\/2025\/01\/2021_24-1024x489.png 1024w, https:\/\/gericlocation.lu\/wp-content\/uploads\/2025\/01\/2021_24-300x143.png 300w, https:\/\/gericlocation.lu\/wp-content\/uploads\/2025\/01\/2021_24-768x367.png 768w, https:\/\/gericlocation.lu\/wp-content\/uploads\/2025\/01\/2021_24-1536x733.png 1536w, https:\/\/gericlocation.lu\/wp-content\/uploads\/2025\/01\/2021_24-18x9.png 18w, https:\/\/gericlocation.lu\/wp-content\/uploads\/2025\/01\/2021_24.png 2000w\" sizes=\"auto, (max-width: 800px) 100vw, 800px\" \/>\t\t\t\t\t\t\t\t\t\t\t\t\t\t\t<\/div>\n\t\t\t\t<\/div>\n\t\t\t\t\t<\/div>\n\t\t<\/div>\n\t\t\t\t<div class=\"elementor-column elementor-col-50 elementor-top-column elementor-element elementor-element-3706f320\" data-id=\"3706f320\" data-element_type=\"column\" data-settings=\"{&quot;background_background&quot;:&quot;classic&quot;}\">\n\t\t\t<div class=\"elementor-widget-wrap elementor-element-populated\">\n\t\t\t\t\t\t\t\t<div class=\"elementor-element elementor-element-6a617d4a elementor-widget elementor-widget-heading\" data-id=\"6a617d4a\" data-element_type=\"widget\" data-settings=\"{&quot;_animation&quot;:&quot;none&quot;}\" data-widget_type=\"heading.default\">\n\t\t\t\t<div class=\"elementor-widget-container\">\n\t\t\t<h3 class=\"elementor-heading-title elementor-size-default\">Buchen Sie unsere Fahrzeuge online<\/h3>\t\t<\/div>\n\t\t\t\t<\/div>\n\t\t\t\t<div class=\"elementor-element elementor-element-7a0812ab elementor-widget elementor-widget-heading\" data-id=\"7a0812ab\" data-element_type=\"widget\" data-widget_type=\"heading.default\">\n\t\t\t\t<div class=\"elementor-widget-container\">\n\t\t\t<div class=\"elementor-heading-title elementor-size-default\">Wir bieten sehr komfortable Fahrzeuge mit beneidenswerter Leistung, die alle Ihre Bed\u00fcrfnisse erf\u00fcllen.<\/div>\t\t<\/div>\n\t\t\t\t<\/div>\n\t\t\t\t<div class=\"elementor-element elementor-element-723c73dd elementor-widget elementor-widget-heading\" data-id=\"723c73dd\" data-element_type=\"widget\" data-widget_type=\"heading.default\">\n\t\t\t\t<div class=\"elementor-widget-container\">\n\t\t\t<h6 class=\"elementor-heading-title elementor-size-default\">Geric Location<\/h6>\t\t<\/div>\n\t\t\t\t<\/div>\n\t\t\t\t<div class=\"elementor-element elementor-element-1c258bc7 elementor-widget elementor-widget-shortcode\" data-id=\"1c258bc7\" data-element_type=\"widget\" data-widget_type=\"shortcode.default\">\n\t\t\t\t<div class=\"elementor-widget-container\">\n\t\t\t\t\t<div class=\"elementor-shortcode\"><div role=\"form\" class=\"wpcf7\" id=\"wpcf7-f2018-o1\" lang=\"en-US\" dir=\"ltr\">\n<div class=\"screen-reader-response\"><p role=\"status\" aria-live=\"polite\" aria-atomic=\"true\"><\/p> <ul><\/ul><\/div>\n<form action=\"\/de\/wp-json\/wp\/v2\/pages\/2010#wpcf7-f2018-o1\" method=\"post\" class=\"wpcf7-form init\" novalidate=\"novalidate\" data-status=\"init\" data-trp-original-action=\"\/de\/wp-json\/wp\/v2\/pages\/2010#wpcf7-f2018-o1\">\n<div style=\"display: none;\">\n<input type=\"hidden\" name=\"_wpcf7\" value=\"2018\" \/>\n<input type=\"hidden\" name=\"_wpcf7_version\" value=\"5.5.6.1\" \/>\n<input type=\"hidden\" name=\"_wpcf7_locale\" value=\"en_US\" \/>\n<input type=\"hidden\" name=\"_wpcf7_unit_tag\" value=\"wpcf7-f2018-o1\" \/>\n<input type=\"hidden\" name=\"_wpcf7_container_post\" value=\"0\" \/>\n<input type=\"hidden\" name=\"_wpcf7_posted_data_hash\" value=\"\" \/>\n<input type=\"hidden\" name=\"_wpcf7_recaptcha_response\" value=\"\" \/>\n<\/div>\n<div class=\"clearfix\">\n<div id=\"left\"><span class=\"wpcf7-form-control-wrap your-name\"><input type=\"text\" name=\"your-name\" value=\"\" size=\"40\" class=\"wpcf7-form-control wpcf7-text wpcf7-validates-as-required\" aria-required=\"true\" aria-invalid=\"false\" placeholder=\"Vor-und Nachname\" \/><\/span><\/div>\n<div id=\"right\"><span class=\"wpcf7-form-control-wrap your-email\"><input type=\"email\" name=\"your-email\" value=\"\" size=\"40\" class=\"wpcf7-form-control wpcf7-text wpcf7-email wpcf7-validates-as-required wpcf7-validates-as-email\" aria-required=\"true\" aria-invalid=\"false\" placeholder=\"Email\" \/><\/span><\/div>\n<\/div>\n<div class=\"clearfix\">\n<div id=\"left\"><span class=\"wpcf7-form-control-wrap tel-649\"><input type=\"tel\" name=\"tel-649\" value=\"\" size=\"40\" class=\"wpcf7-form-control wpcf7-text wpcf7-tel wpcf7-validates-as-required wpcf7-validates-as-tel phone\" aria-required=\"true\" aria-invalid=\"false\" placeholder=\"Telefon\" \/><\/span><\/div>\n<div id=\"right\"><span class=\"wpcf7-form-control-wrap your-browser\"><select name=\"your-browser\" class=\"wpcf7-form-control wpcf7-select wpcf7-validates-as-required\" aria-required=\"true\" aria-invalid=\"false\"><option value=\"Mercedes A-Class limousine\">Mercedes A-Class limousine<\/option><\/select><\/span><\/div>\n<\/div>\n<div class=\"clearfix\">\n<div id=\"left\"><span class=\"wpcf7-form-control-wrap text-637\"><input type=\"text\" name=\"text-637\" value=\"\" size=\"40\" class=\"wpcf7-form-control wpcf7-text wpcf7-validates-as-required walcf7-datetimepicker\" aria-required=\"true\" aria-invalid=\"false\" placeholder=\"Abholdatum\" \/><\/span><\/div>\n<div id=\"right\"><span class=\"wpcf7-form-control-wrap text-638\"><input type=\"text\" name=\"text-638\" value=\"\" size=\"40\" class=\"wpcf7-form-control wpcf7-text wpcf7-validates-as-required walcf7-datetimepicker\" aria-required=\"true\" aria-invalid=\"false\" placeholder=\"R\u00fcckflugdatum\" \/><\/span><\/div>\n<\/div>\n<p><span class=\"wpcf7-form-control-wrap your-co\"><span class=\"wpcf7-form-control wpcf7-checkbox wpcf7-validates-as-required\"><span class=\"wpcf7-list-item first last\"><input type=\"checkbox\" name=\"your-co[]\" value=\"Vous confirmez par la pr\u00e9sente que Geric Location peut vous contacter par e-mail ou par t\u00e9l\u00e9phone, sur la base des informations que vous avez saisies dans le formulaire.\" \/><span class=\"wpcf7-list-item-label\">Sie best\u00e4tigen hiermit, dass Geric Location Sie per E-Mail oder Telefon kontaktieren kann, basierend auf den Informationen, die Sie in das Formular eingegeben haben.<\/span><\/span><\/span><\/span><\/p>\n<p>Obligatoire \u26a0\ufe0f<br \/>\nPermis de conduire minimum 2 ann\u00e9e et caution 500\u20ac preutorisation<\/p>\n<p>Hinweis: Die Reservierung auf der Website ist nicht endg\u00fcltig. Nach der Buchung wird Sie jemand von Geric Location anrufen, um Ihre Reservierung zu best\u00e4tigen.<\/p>\n<span class=\"wpcf7-form-control-wrap recaptcha\"><span data-sitekey=\"6Le891ggAAAAABIHOZiyCWnUt642MmyKtaq28gFB\" class=\"wpcf7-form-control g-recaptcha wpcf7-recaptcha\"><\/span>\r\n<noscript>\r\n\t<div class=\"grecaptcha-noscript\">\r\n\t\t<iframe loading=\"lazy\" src=\"https:\/\/www.google.com\/recaptcha\/api\/fallback?k=6Le891ggAAAAABIHOZiyCWnUt642MmyKtaq28gFB\" frameborder=\"0\" scrolling=\"no\" width=\"310\" height=\"430\">\r\n\t\t<\/iframe>\r\n\t\t<textarea name=\"g-recaptcha-response\" rows=\"3\" cols=\"40\" placeholder=\"reCaptcha Response Here\">\r\n\t\t<\/textarea>\r\n\t<\/div>\r\n<\/noscript>\r\n<\/span>\n<p><input type=\"submit\" value=\"Buchen Sie jetzt\" class=\"wpcf7-form-control has-spinner wpcf7-submit\" \/><\/p>\n<div class=\"wpcf7-response-output\" aria-hidden=\"true\"><\/div><input type=\"hidden\" name=\"trp-form-language\" value=\"de\"\/><\/form><\/div><\/div>\n\t\t\t\t<\/div>\n\t\t\t\t<\/div>\n\t\t\t\t\t<\/div>\n\t\t<\/div>\n\t\t\t\t\t\t\t<\/div>\n\t\t<\/section>\n\t\t\t\t\t\t\t<\/div>","protected":false},"excerpt":{"rendered":"<p>Geric Location Mercedes A-Class limousine An 2021 Type de bo\u00eete de vitesses Automatic Type de carburant Diesel CHAQUE CLIENT EST ASSUR\u00c9 \u00c0 FULL CASCO Nous travaillons la location pour les particuliers et les entreprises 89\u20ac HTVA &#8211; 300Km inclus \/ Par jour 599\u20ac HTVA &#8211; 2000Km inclus \/ Par semaine 1999\u20ac HTVA &#8211; 5000Km inclus [&hellip;]<\/p>","protected":false},"author":1,"featured_media":0,"parent":0,"menu_order":0,"comment_status":"closed","ping_status":"closed","template":"","meta":{"footnotes":""},"class_list":["post-2010","page","type-page","status-publish","hentry"],"_links":{"self":[{"href":"https:\/\/gericlocation.lu\/de\/wp-json\/wp\/v2\/pages\/2010","targetHints":{"allow":["GET"]}}],"collection":[{"href":"https:\/\/gericlocation.lu\/de\/wp-json\/wp\/v2\/pages"}],"about":[{"href":"https:\/\/gericlocation.lu\/de\/wp-json\/wp\/v2\/types\/page"}],"author":[{"embeddable":true,"href":"https:\/\/gericlocation.lu\/de\/wp-json\/wp\/v2\/users\/1"}],"replies":[{"embeddable":true,"href":"https:\/\/gericlocation.lu\/de\/wp-json\/wp\/v2\/comments?post=2010"}],"version-history":[{"count":10,"href":"https:\/\/gericlocation.lu\/de\/wp-json\/wp\/v2\/pages\/2010\/revisions"}],"predecessor-version":[{"id":2025,"href":"https:\/\/gericlocation.lu\/de\/wp-json\/wp\/v2\/pages\/2010\/revisions\/2025"}],"wp:attachment":[{"href":"https:\/\/gericlocation.lu\/de\/wp-json\/wp\/v2\/media?parent=2010"}],"curies":[{"name":"wp","href":"https:\/\/api.w.org\/{rel}","templated":true}]}}