{"id":1021,"date":"2022-06-07T19:39:58","date_gmt":"2022-06-07T19:39:58","guid":{"rendered":"https:\/\/gerictransport.lu\/?page_id=1021"},"modified":"2022-06-07T20:16:55","modified_gmt":"2022-06-07T20:16:55","slug":"mentions-legales","status":"publish","type":"page","link":"https:\/\/gericlocation.lu\/en\/mentions-legales\/","title":{"rendered":"Legal Notice"},"content":{"rendered":"<div data-elementor-type=\"wp-page\" data-elementor-id=\"1021\" class=\"elementor elementor-1021\">\n\t\t\t\t\t\t\t\t\t<section class=\"elementor-section elementor-top-section elementor-element elementor-element-9ea3dbf elementor-section-boxed elementor-section-height-default elementor-section-height-default\" data-id=\"9ea3dbf\" data-element_type=\"section\">\n\t\t\t\t\t\t<div class=\"elementor-container elementor-column-gap-default\">\n\t\t\t\t\t<div class=\"elementor-column elementor-col-100 elementor-top-column elementor-element elementor-element-41fae8b\" data-id=\"41fae8b\" data-element_type=\"column\">\n\t\t\t<div class=\"elementor-widget-wrap elementor-element-populated\">\n\t\t\t\t\t\t\t\t<div class=\"elementor-element elementor-element-27ee696 elementor-widget elementor-widget-text-editor\" data-id=\"27ee696\" data-element_type=\"widget\" data-widget_type=\"text-editor.default\">\n\t\t\t\t<div class=\"elementor-widget-container\">\n\t\t\t<style>\/*! elementor - v3.6.5 - 27-04-2022 *\/\n.elementor-widget-text-editor.elementor-drop-cap-view-stacked .elementor-drop-cap{background-color:#818a91;color:#fff}.elementor-widget-text-editor.elementor-drop-cap-view-framed .elementor-drop-cap{color:#818a91;border:3px solid;background-color:transparent}.elementor-widget-text-editor:not(.elementor-drop-cap-view-default) .elementor-drop-cap{margin-top:8px}.elementor-widget-text-editor:not(.elementor-drop-cap-view-default) .elementor-drop-cap-letter{width:1em;height:1em}.elementor-widget-text-editor .elementor-drop-cap{float:left;text-align:center;line-height:1;font-size:50px}.elementor-widget-text-editor .elementor-drop-cap-letter{display:inline-block}<\/style>\t\t\t\t<h2>Legal Notice<\/h2><p>Le site est \u00e9dit\u00e9 par Geric Transport SARL, le directeur de la publication est Aleksandar Geric.<\/p><p>Droits prot\u00e9g\u00e9s<br \/>Les \u00e9l\u00e9ments constituant le pr\u00e9sent site, d\u00e9velopp\u00e9s par Admonet LLC. et heberg\u00e9s par Admonet LLC, sont prot\u00e9g\u00e9s par la l\u00e9gislation applicable en mati\u00e8re de droit d\u2019auteur, de droit des marques, de droit des dessins et mod\u00e8les et de concurrence d\u00e9loyale.<\/p><p>Ils comprennent notamment l\u2019architecture, la charte graphique (incluant les couleurs, les polices de caract\u00e8re et l\u2019organisation graphique des \u00e9crans), ainsi que l\u2019ensemble des informations et \u00e9l\u00e9ments disponibles sur le site Internet, tels que notamment les textes, articles, photographies, illustrations, images, marques et logos.<\/p><p>Toute reproduction, repr\u00e9sentation, diffusion et\/ou exploitation de tout ou partie de ces \u00e9l\u00e9ments, par quelque moyen, sous quelque forme et \u00e0 quelque fin que ce soit, est interdite, sauf autorisation expresse pr\u00e9alable et \u00e9crite de Geric Transport SARL<\/p><p>Toute personne ne respectant pas les dispositions l\u00e9gales applicables se rend coupable du d\u00e9lit de contrefa\u00e7on et est passible des sanctions p\u00e9nales pr\u00e9vues par la loi, nonobstant tout autre recours de Geric Transport SARL<\/p><p>Comp\u00e9tence territoriale et loi applicable<\/p><p>Les Tribunaux luxembourgeois sont comp\u00e9tents pour conna\u00eetre des litiges \u00e9ventuels ayant trait \u00e0 l\u2019utilisation, \u00e0 l\u2019interpr\u00e9tation et \u00e0 l\u2019ex\u00e9cution des informations et donn\u00e9es figurant sur le pr\u00e9sent site.<\/p><p>La loi applicable est la loi luxembourgeoise.<\/p>\t\t\t\t\t\t<\/div>\n\t\t\t\t<\/div>\n\t\t\t\t\t<\/div>\n\t\t<\/div>\n\t\t\t\t\t\t\t<\/div>\n\t\t<\/section>\n\t\t\t\t\t\t\t<\/div>","protected":false},"excerpt":{"rendered":"<p>Mentions L\u00e9gales Le site est \u00e9dit\u00e9 par Geric Transport SARL, le directeur de la publication est Aleksandar Geric. Droits prot\u00e9g\u00e9sLes \u00e9l\u00e9ments constituant le pr\u00e9sent site, d\u00e9velopp\u00e9s par Admonet LLC. et heberg\u00e9s par Admonet LLC, sont prot\u00e9g\u00e9s par la l\u00e9gislation applicable en mati\u00e8re de droit d\u2019auteur, de droit des marques, de droit des dessins et mod\u00e8les [&hellip;]<\/p>","protected":false},"author":1,"featured_media":0,"parent":0,"menu_order":0,"comment_status":"closed","ping_status":"closed","template":"","meta":{"footnotes":""},"class_list":["post-1021","page","type-page","status-publish","hentry"],"_links":{"self":[{"href":"https:\/\/gericlocation.lu\/en\/wp-json\/wp\/v2\/pages\/1021","targetHints":{"allow":["GET"]}}],"collection":[{"href":"https:\/\/gericlocation.lu\/en\/wp-json\/wp\/v2\/pages"}],"about":[{"href":"https:\/\/gericlocation.lu\/en\/wp-json\/wp\/v2\/types\/page"}],"author":[{"embeddable":true,"href":"https:\/\/gericlocation.lu\/en\/wp-json\/wp\/v2\/users\/1"}],"replies":[{"embeddable":true,"href":"https:\/\/gericlocation.lu\/en\/wp-json\/wp\/v2\/comments?post=1021"}],"version-history":[{"count":6,"href":"https:\/\/gericlocation.lu\/en\/wp-json\/wp\/v2\/pages\/1021\/revisions"}],"predecessor-version":[{"id":1034,"href":"https:\/\/gericlocation.lu\/en\/wp-json\/wp\/v2\/pages\/1021\/revisions\/1034"}],"wp:attachment":[{"href":"https:\/\/gericlocation.lu\/en\/wp-json\/wp\/v2\/media?parent=1021"}],"curies":[{"name":"wp","href":"https:\/\/api.w.org\/{rel}","templated":true}]}}